{"id":52,"date":"2026-01-13T14:55:50","date_gmt":"2026-01-13T14:55:50","guid":{"rendered":"https:\/\/melissasbaberkane.com\/?page_id=52"},"modified":"2026-01-22T13:19:58","modified_gmt":"2026-01-22T13:19:58","slug":"a-propos","status":"publish","type":"page","link":"https:\/\/melissasbaberkane.com\/index.php\/a-propos\/","title":{"rendered":"A propos"},"content":{"rendered":"\n<p>Auteur de science-fiction et de fantastique, M\u00e9lissa S. B. Aberkane construit des r\u00e9cits o\u00f9 l\u2019imaginaire sert avant tout \u00e0 interroger des th\u00e9matiques humaines et contemporaines. Avant de se lancer dans l&rsquo;\u00e9dition, elle a \u00e9crit de nombreux projets (romans, essais, <em>soap opera<\/em> litt\u00e9raires, &#8230;). Ce parcours discret lui a permis de fa\u00e7onner une \u00e9criture personnelle, attentive aux atmosph\u00e8res et aux tensions.<\/p>\n\n\n\n<p>Sa polyvalence et sa curiosit\u00e9 nourrissent des univers vari\u00e9s, \u00e0 la fronti\u00e8re de plusieurs genres. Si la science-fiction et le fantastique occupent une place centrale dans son travail, elle n\u2019h\u00e9site pas \u00e0 y int\u00e9grer, plus ponctuellement, des codes du thriller, renfor\u00e7ant ainsi la dimension immersive de ses r\u00e9cits.<\/p>\n\n\n\n<div class=\"wp-block-media-text is-stacked-on-mobile\"><figure class=\"wp-block-media-text__media\"><img loading=\"lazy\" decoding=\"async\" width=\"768\" height=\"1024\" src=\"https:\/\/melissasbaberkane.com\/wp-content\/uploads\/2026\/01\/20260122_111501-768x1024.jpg\" alt=\"\" class=\"wp-image-106 size-full\" srcset=\"https:\/\/melissasbaberkane.com\/wp-content\/uploads\/2026\/01\/20260122_111501-768x1024.jpg 768w, https:\/\/melissasbaberkane.com\/wp-content\/uploads\/2026\/01\/20260122_111501-225x300.jpg 225w, https:\/\/melissasbaberkane.com\/wp-content\/uploads\/2026\/01\/20260122_111501-1152x1536.jpg 1152w, https:\/\/melissasbaberkane.com\/wp-content\/uploads\/2026\/01\/20260122_111501-1536x2048.jpg 1536w, https:\/\/melissasbaberkane.com\/wp-content\/uploads\/2026\/01\/20260122_111501-scaled.jpg 1920w\" sizes=\"auto, (max-width: 706px) 89vw, (max-width: 767px) 82vw, 740px\" \/><\/figure><div class=\"wp-block-media-text__content\">\n<p>S\u2019adressant principalement \u00e0 un public adulte, tout en restant accessible aux jeunes adultes, M\u00e9lissa S. B. Aberkane propose des histoires port\u00e9es par des personnages forts et des mondes qui invitent autant \u00e0 l\u2019\u00e9vasion qu\u2019\u00e0 la r\u00e9flexion. Ses univers ne demandent qu\u2019\u00e0 \u00eatre explor\u00e9s, et continuent de r\u00e9sonner bien apr\u00e8s la fin du r\u00e9cit.<\/p>\n<\/div><\/div>\n\n\n\n<p><\/p>\n","protected":false},"excerpt":{"rendered":"<p>Auteur de science-fiction et de fantastique, M\u00e9lissa S. B. Aberkane construit des r\u00e9cits o\u00f9 l\u2019imaginaire sert avant tout \u00e0 interroger des th\u00e9matiques humaines et contemporaines. Avant de se lancer dans l&rsquo;\u00e9dition, elle a \u00e9crit de nombreux projets (romans, essais, soap opera litt\u00e9raires, &#8230;). Ce parcours discret lui a permis de fa\u00e7onner une \u00e9criture personnelle, attentive &hellip; <\/p>\n<p class=\"link-more\"><a href=\"https:\/\/melissasbaberkane.com\/index.php\/a-propos\/\" class=\"more-link\">Continuer la lecture<span class=\"screen-reader-text\"> de &laquo;&nbsp;A propos&nbsp;&raquo;<\/span><\/a><\/p>\n","protected":false},"author":1,"featured_media":0,"parent":0,"menu_order":0,"comment_status":"closed","ping_status":"closed","template":"","meta":{"footnotes":""},"class_list":["post-52","page","type-page","status-publish","hentry"],"_links":{"self":[{"href":"https:\/\/melissasbaberkane.com\/index.php\/wp-json\/wp\/v2\/pages\/52","targetHints":{"allow":["GET"]}}],"collection":[{"href":"https:\/\/melissasbaberkane.com\/index.php\/wp-json\/wp\/v2\/pages"}],"about":[{"href":"https:\/\/melissasbaberkane.com\/index.php\/wp-json\/wp\/v2\/types\/page"}],"author":[{"embeddable":true,"href":"https:\/\/melissasbaberkane.com\/index.php\/wp-json\/wp\/v2\/users\/1"}],"replies":[{"embeddable":true,"href":"https:\/\/melissasbaberkane.com\/index.php\/wp-json\/wp\/v2\/comments?post=52"}],"version-history":[{"count":5,"href":"https:\/\/melissasbaberkane.com\/index.php\/wp-json\/wp\/v2\/pages\/52\/revisions"}],"predecessor-version":[{"id":109,"href":"https:\/\/melissasbaberkane.com\/index.php\/wp-json\/wp\/v2\/pages\/52\/revisions\/109"}],"wp:attachment":[{"href":"https:\/\/melissasbaberkane.com\/index.php\/wp-json\/wp\/v2\/media?parent=52"}],"curies":[{"name":"wp","href":"https:\/\/api.w.org\/{rel}","templated":true}]}}